{"id":211,"date":"2025-08-18T12:35:09","date_gmt":"2025-08-18T12:35:09","guid":{"rendered":"http:\/\/sabor.de\/?page_id=211"},"modified":"2025-11-02T14:12:24","modified_gmt":"2025-11-02T14:12:24","slug":"ueber-mich","status":"publish","type":"page","link":"http:\/\/sabor.de\/?page_id=211","title":{"rendered":"\u00dcber mich"},"content":{"rendered":"\n<p class=\"wp-block-paragraph\">Seit 1978 komponiere ich Musik f\u00fcr die verschiedensten Besetzungen: Solo- Instrumente, Kammermusik, symphonische Musik f\u00fcr gro\u00dfes Orchester, Blasorchester, Chor und Bands.<\/p>\n\n\n\n<p class=\"wp-block-paragraph\">Dabei beeinflussen mich immer wieder&nbsp; viele Reisen und der Kontakt zu Musikern&nbsp; aus aller Welt. So hat mich Lateinamerika&nbsp; mit seiner stark rhythmisch gepr\u00e4gten&nbsp; Musik und seiner Lebensfreude zum Salsa&nbsp; gebracht. S\u00fcdostasien und der Himalaya&nbsp; sind dagegen pr\u00e4gend f\u00fcr die eher&nbsp; meditativen Anteile in meiner Musik.&nbsp; Gerade in der buddhistischen Philosophie&nbsp; finde ich viele gute Gedanken, die in meine Arbeit einflie\u00dfen. Meine Liebe zur Natur und zu den Bergen&nbsp; hilft sehr bei dem Entwerfen von gro\u00dfen Klanglandschaften. Mein \u00fcberzeugtes Stadtmensch-Dasein&nbsp; f\u00fchrt dagegen manchmal auch zu \u201ch\u00e4rteren\u201d Ausdrucksmitteln.<\/p>\n\n\n\n<p class=\"wp-block-paragraph\">Internationale Arbeiten wie z.B. der Auftrag, den \u201cWorld Human Resources Congress\u201c in Singapur&nbsp; musikalisch zu gestalten, haben mir wichtige Erfahrungen in interkulturellen Kooperationen gebracht.&nbsp; Das hilft mir selbstverst\u00e4ndlich sehr bei meinen Projekten hier in Deutschland, wo nicht nur das&nbsp; musikalische Denken, sondern auch die Teambesetzungen zunehmend globalisiert werden.<\/p>\n\n\n\n<p class=\"wp-block-paragraph\">Schon seit den Zeiten des Atari benutze ich oft den Computer als Arbeitsmittel. Mittlerweile kann ich so&nbsp; gro\u00dfe Orchesterkompositionen mit der Vienna Symphonic Library (VSL) im eigenen Tonstudio&nbsp; realisieren. Dabei faszinieren mich besonders die M\u00f6glichkeiten der Raumkomposition. Diese hat ja mit&nbsp; Komponisten wie Gabrieli, Berlioz, Stockhausen, Nono und anderen eine Jahrhunderte alte Tradition.&nbsp; Mit dem Computer ist die Realsierung so einfach wie noch nie und so mache ich gerne Gebrauch&nbsp; davon.<\/p>\n\n\n\n<h2 class=\"wp-block-heading\">Vita<\/h2>\n\n\n\n<p class=\"wp-block-paragraph\">Ausbildung in Komposition bei:<\/p>\n\n\n\n<p class=\"wp-block-paragraph\">G\u00fcnter Kretzschmar (Bremen)<\/p>\n\n\n\n<p class=\"wp-block-paragraph\">Erwin Koch-Raphael (Bremen)<\/p>\n\n\n\n<p class=\"wp-block-paragraph\">Jens Peter Ostendorf (Hamburg)<\/p>\n\n\n\n<p class=\"wp-block-paragraph\">Adr\u00e9s Al\u00e9n (Cuba)<\/p>\n\n\n\n<p class=\"wp-block-paragraph\">Ausbildung in Querfl\u00f6te bei:<\/p>\n\n\n\n<p class=\"wp-block-paragraph\">Amelie Schilbach (Bremen)<\/p>\n\n\n\n<p class=\"wp-block-paragraph\">Juan Avila (Cuba)<\/p>\n\n\n\n<p class=\"wp-block-paragraph\">Ausbildung in Dirigieren bei:<\/p>\n\n\n\n<p class=\"wp-block-paragraph\">Istvan Denis (Bremen)<\/p>\n\n\n\n<p class=\"wp-block-paragraph\">Ausbildung in Musiktherapie bei:<\/p>\n\n\n\n<p class=\"wp-block-paragraph\">Rosemarie T\u00fcpker (FU M\u00fcnster)<\/p>\n\n\n\n<h2 class=\"wp-block-heading\">Projekte:<\/h2>\n\n\n\n<p class=\"wp-block-paragraph\">\u201cAndariegos\u201d<\/p>\n\n\n\n<p class=\"wp-block-paragraph\">\u201cLauter Blech\u201d<\/p>\n\n\n\n<p class=\"wp-block-paragraph\">\u201cConfusao\u201d (Gr\u00fcndung des Samba Karnevals Bremen)<\/p>\n\n\n\n<p class=\"wp-block-paragraph\">\u201cOrchester der Universit\u00e4t Bremen\u201d<\/p>\n\n\n\n<p class=\"wp-block-paragraph\">\u201cPlattd\u00fctsch Leed\u201d<\/p>\n\n\n\n<p class=\"wp-block-paragraph\">\u201cSon Sabroso\u201d<\/p>\n\n\n\n<p class=\"wp-block-paragraph\">\u201cCasino\u201d<\/p>\n\n\n\n<p class=\"wp-block-paragraph\">\u201cSol y Canela\u201d<\/p>\n\n\n\n<p class=\"wp-block-paragraph\">\u201eTerramar\u201c<\/p>\n\n\n\n<h2 class=\"wp-block-heading\">Unterricht:<\/h2>\n\n\n\n<p class=\"wp-block-paragraph\">\u201cFreie Bekenntnisschule Bremen\u201d<\/p>\n\n\n\n<p class=\"wp-block-paragraph\">\u201cGrundschule an der Stader Stra\u00dfe\u201d<\/p>\n\n\n\n<p class=\"wp-block-paragraph\">\u201cCasa della Musica\u201d<\/p>\n\n\n\n<p class=\"wp-block-paragraph\">\u201cInstitut f\u00fcr Jazz und Pop der MIB e.V.\u201d<\/p>\n\n\n\n<p class=\"wp-block-paragraph\">Lehrbeauftragter an der \u201cUniversit\u00e4t Bremen\u201d<\/p>\n\n\n\n<p class=\"wp-block-paragraph\"><\/p>\n","protected":false},"excerpt":{"rendered":"<p>Seit 1978 komponiere ich Musik f\u00fcr die verschiedensten Besetzungen: Solo- Instrumente, Kammermusik, symphonische Musik f\u00fcr gro\u00dfes Orchester, Blasorchester, Chor und Bands. Dabei beeinflussen mich immer wieder&nbsp; viele Reisen und der Kontakt zu Musikern&nbsp; aus aller Welt. So hat mich Lateinamerika&nbsp; mit seiner stark rhythmisch gepr\u00e4gten&nbsp; Musik und seiner Lebensfreude zum Salsa&nbsp; gebracht. S\u00fcdostasien und der&#8230;<\/p>\n","protected":false},"author":1,"featured_media":0,"parent":0,"menu_order":4,"comment_status":"closed","ping_status":"closed","template":"","meta":{"_crdt_document":"","footnotes":""},"class_list":["post-211","page","type-page","status-publish","hentry"],"_links":{"self":[{"href":"http:\/\/sabor.de\/index.php?rest_route=\/wp\/v2\/pages\/211","targetHints":{"allow":["GET"]}}],"collection":[{"href":"http:\/\/sabor.de\/index.php?rest_route=\/wp\/v2\/pages"}],"about":[{"href":"http:\/\/sabor.de\/index.php?rest_route=\/wp\/v2\/types\/page"}],"author":[{"embeddable":true,"href":"http:\/\/sabor.de\/index.php?rest_route=\/wp\/v2\/users\/1"}],"replies":[{"embeddable":true,"href":"http:\/\/sabor.de\/index.php?rest_route=%2Fwp%2Fv2%2Fcomments&post=211"}],"version-history":[{"count":1,"href":"http:\/\/sabor.de\/index.php?rest_route=\/wp\/v2\/pages\/211\/revisions"}],"predecessor-version":[{"id":213,"href":"http:\/\/sabor.de\/index.php?rest_route=\/wp\/v2\/pages\/211\/revisions\/213"}],"wp:attachment":[{"href":"http:\/\/sabor.de\/index.php?rest_route=%2Fwp%2Fv2%2Fmedia&parent=211"}],"curies":[{"name":"wp","href":"https:\/\/api.w.org\/{rel}","templated":true}]}}