{"id":214,"date":"2025-08-18T12:44:43","date_gmt":"2025-08-18T12:44:43","guid":{"rendered":"http:\/\/sabor.de\/?page_id=214"},"modified":"2025-08-18T14:04:26","modified_gmt":"2025-08-18T14:04:26","slug":"werverzeichnis","status":"publish","type":"page","link":"http:\/\/sabor.de\/?page_id=214","title":{"rendered":"Werkverzeichnis"},"content":{"rendered":"\n<h2 class=\"wp-block-heading\">Werke f\u00fcr gro\u00dfes Orchester<\/h2>\n\n\n\n<figure class=\"wp-block-table\"><table class=\"has-fixed-layout\"><tbody><tr><td>\u201eAndante\u201c<\/td><td>Gro\u00dfes Orchester, Auftragskomposition f\u00fcr die 700-Jahr-Feier der Stadt Dorum<\/td><\/tr><tr><td>\u201elberica\u201c<\/td><td>Lehrvideo \u201cReiten im lberischen Stil\u201c von R. Schauwacker f\u00fcr Gro\u00dfes Orchester<\/td><\/tr><tr><td>\u201eSue\u00f1os Comprados \u2013 Gekaufte Tr\u00e4ume\u201c<\/td><td>Gro\u00dfes Orchester<\/td><\/tr><tr><td>\u201eTibet\u201c<\/td><td>Gro\u00dfes Orchester, Auftragskomposition f\u00fcr ein Rundfunkfeature von Peter Meier-H\u00fcsing, NDR<\/td><\/tr><tr><td>\u201eGebete\u201c<\/td><td>Gro\u00dfes Orchester &amp; Stimme, ein Rundfunkfeature von Peter Meier-H\u00fcsing, NDR<\/td><\/tr><tr><td>\u201eDie kleine Seifenblase geht auf Reisen\u201c<\/td><td>Therapeutisches H\u00f6rspiel f\u00fcr Kinder, f\u00fcr Sprecher, Gro\u00dfes Orchester, Elektronik<\/td><\/tr><tr><td>\u201eGrand Opener\u201c<\/td><td>Gro\u00dfes Orchester, Auftragskomposition f\u00fcr den \u201eWorld Congress for Human Resources, Singapore, zur Begr\u00fc\u00dfung des Premierministers<\/td><\/tr><tr><td>\u201eSHRI\u201c<\/td><td>Gro\u00dfes Orchester, f\u00fcr den \u201eWorld Congress for Human Resources, Singapore<\/td><\/tr><tr><td>\u201eFinale\u201c<\/td><td>Gro\u00dfes Orchester,\u00a0 den Dokumentarfilm \u201eWieder Leben Lernen\u201c von Beate Neuhaus<\/td><\/tr><tr><td>\u201eMagnolia\u201c<\/td><td>Gro\u00dfes Orchester, Ballettmusik<\/td><\/tr><tr><td>\u201eNorwegian Landscapes\u201c<\/td><td>Gro\u00dfes Orchester, Naturfilmmusik<\/td><\/tr><tr><td>\u201cPassacaglia\u201d<\/td><td>Gro\u00dfes Orchester<\/td><\/tr><tr><td>\u201eBerceuse\u201c<\/td><td>Gro\u00dfes Orchester<\/td><\/tr><tr><td>\u201eHeimweh\u201c<\/td><td>Gro\u00dfes Orchester, Auftragskompositionen f\u00fcr \u201eMeine Querfl\u00f6tenschule\u201c, Verlag \u201eartist ahead\u201c<\/td><\/tr><tr><td>\u201eWalzer\u201c<\/td><td>Gro\u00dfes Orchester, Auftragskomposition f\u00fcr \u201eMeine Querfl\u00f6tenschule\u201c, Verlag \u201eartist ahead\u201c<\/td><\/tr><tr><td>\u201eNimm es leicht\u201c<\/td><td>Gro\u00dfes Orchester, Auftragskomposition f\u00fcr \u201eMeine Querfl\u00f6tenschule\u201c, Verlag \u201eartist ahead\u201c<\/td><\/tr><tr><td>\u201eFiesta\u201c<\/td><td>Gro\u00dfes Orchester, Auftragskomposition f\u00fcr \u201eMeine Querfl\u00f6tenschule\u201c, Verlag \u201eartist ahead\u201c<\/td><\/tr><tr><td>\u201eDanse Macabre\u201c<\/td><td>Gro\u00dfes Orchester, Auftragskomposition f\u00fcr \u201eMeine Querfl\u00f6tenschule\u201c, Verlag \u201eartist ahead\u201c<\/td><\/tr><tr><td>\u201eTrolldansen\u201c<\/td><td>Gro\u00dfes Orchester, Auftragskomposition f\u00fcr \u201eMeine Querfl\u00f6tenschule\u201c, Verlag \u201eartist ahead\u201c<\/td><\/tr><\/tbody><\/table><\/figure>\n\n\n\n<h2 class=\"wp-block-heading\">Werke f\u00fcr Sinfonisches Bl\u00e4serensemble<\/h2>\n\n\n\n<figure class=\"wp-block-table\"><table class=\"has-fixed-layout\"><tbody><tr><td>\u201eEhrenfanfare\u201c<\/td><td>Sinfonische Bl\u00e4ser, Auftragskomposition zum Empfang des Ehrensenators der Universit\u00e4t Bremen und Pr\u00e4sidenten der Republik Namibia Sam Nujoma<\/td><\/tr><tr><td>\u201eMehr der Versuch der Trauer\u2026\u201c<\/td><td>Sinfonische Bl\u00e4ser<\/td><\/tr><tr><td>\u201eFr\u00f6hlich durch die 80er\u201c<\/td><td>Sinfonische Bl\u00e4ser<\/td><\/tr><tr><td>\u201eZirkusmusik\u201c<\/td><td>Sinfonische Bl\u00e4ser,\u00a0 Auftragskomposition f\u00fcr den Dokumentarfilm \u201eZirkus Knie\u201c von R. Schauwacker<\/td><\/tr><\/tbody><\/table><\/figure>\n\n\n\n<h2 class=\"wp-block-heading\">Werke f\u00fcr verschiedene Besetzungen<\/h2>\n\n\n\n<figure class=\"wp-block-table\"><table class=\"has-fixed-layout\"><tbody><tr><td>\u201eThe Pulse oft the Stone\u201c<\/td><td>Elektronik und gesampelte Steine f\u00fcr die gleichnahmige Choreographie von Helge Letonja<\/td><\/tr><tr><td>\u201eLa mer en moi\u201c<\/td><td>Elektronik, 2 Sprecher und Percussion f\u00fcr die gleichnahmige Choreographie von Helge Letonja<\/td><\/tr><tr><td>\u201eCalma Chicha\u201c<\/td><td>Alt, gem. Chor, Band<\/td><\/tr><tr><td>\u201ePor Tu Amor\u201c<\/td><td>Salsa-Band, Auftragskomposition f\u00fcr \u201eSalsatraining for Woodwinds\u201c, Verlag \u201eartist ahead\u201c<\/td><\/tr><tr><td>\u201eMorgenstimmung\u201c<\/td><td>2 Stimmen, Bassfl\u00f6te, Elektronik, Auftragskomposition f\u00fcr ein Rundfunkfeature von Peter Meier-H\u00fcsing, NDR<\/td><\/tr><tr><td>\u201eD\u00e4monen\u201c<\/td><td>3 Stimmen, Elektronik, Auftragskomposition f\u00fcr ein Rundfunkfeature von Peter Meier-H\u00fcsing, NDR<\/td><\/tr><tr><td>\u201eCamanchaca\u201c<\/td><td>Panfl\u00f6te, Bass u.nd Elektronik, Auftragskomposition f\u00fcr den Dokumentarfilm \u201eWolkenemte\u201c von Beate Neuhaus, ZDF, WDR<\/td><\/tr><tr><td>\u201eWater floating\u201c<\/td><td>Fl\u00f6te, Bassfl\u00f6te, Tin Whizzle, Marimba und Elektronik, Auftragskomposition f\u00fcr den Dokumentarfilm \u201eWeleda\u201c von Wolfgang Jung<\/td><\/tr><tr><td>\u201eWinnetou\u201c<\/td><td>&nbsp;(Zwischenmusiken) f\u00fcr Gesang und Percussion,&nbsp; Auftragskomposition f\u00fcr die DVD-Gesamtausgabe, Kinowelt Medien AG f\u00fcr<\/td><\/tr><tr><td>\u201eAngel\u201c<\/td><td>Bassfl\u00f6te, Fl\u00f6te &amp; Percussion, Auftragskomposition f\u00fcr den Experimentalfilm von Nina Song, Seoul\/Korea<\/td><\/tr><tr><td>\u201eErinnerung\u201c<\/td><td>Trauermusik f\u00fcr Fl\u00f6te und Streichorchster<\/td><\/tr><tr><td>\u201eAbschied\u201c<\/td><td>Trauermusik f\u00fcr Fl\u00f6te Solo<\/td><\/tr><tr><td>\u201eMenschen\u201c<\/td><td>Baham &amp;Bambusfl\u00f6te, Auftragskomposition f\u00fcr den Dokumentarfilm \u201eWieder Leben Lernen\u201c von Beate Neuhaus<\/td><\/tr><tr><td>\u201eGrillfest\u201c, \u201ePicknick\u201c, \u201eSehnsucht\u201c<\/td><td>Gitarre, Auftragskomposition f\u00fcr den Dokumentarfilm \u201eWieder Leben Lernen\u201c von Beate Neuhaus<\/td><\/tr><tr><td>\u201eBerceuse pour Natalie\u201c<\/td><td>Harfe Solo<\/td><\/tr><tr><td>\u201eCappricio Nr. 1\u201d<\/td><td>Harfe Solo<\/td><\/tr><tr><td>\u201eTanz mit mir\u201c<\/td><td>Tango f\u00fcr Fl\u00f6te, Cello und Bandonion, Auftragskomposition f\u00fcr \u201eMeine Querfl\u00f6tenschule\u201c, Verlag \u201eartist ahead\u201c<\/td><\/tr><tr><td>\u201eEcovin\u201c<\/td><td>Band,\u00a0 Auftragskomposition f\u00fcr den Dokumentarfilm \u201e\u00d6kowinzer\u201c von Wolfgang Jung<\/td><\/tr><tr><td>\u201eEberhardt und Florenz\u201c<\/td><td>2 Fl\u00f6ten, Bassfl\u00f6te und Percussion im Stile von Giovanni Gabrieli, Auftragskomposition f\u00fcr den Dokumentarfilm \u201eEine Reise ins Unerwartete\u201c von Wolfgang Jung<\/td><\/tr><tr><td>\u201eTobias Hess\u201c<\/td><td>Fl\u00f6te, Violine und Streichorchester, Auftragskomposition f\u00fcr den Dokumentarfilm \u201eEine Reise ins Unerwartete\u201c von Wolfgang Jung<\/td><\/tr><tr><td>\u201eSufi-Musik\u201c<\/td><td>Oud und Percussion, Auftragskomposition f\u00fcr den Dokumentarfilm \u201eEine Reise ins Unerwartete\u201c von Wolfgang Jung<\/td><\/tr><tr><td>\u201eSimply Christmas\u201c<\/td><td>Fl\u00f6te und Gitarre, CD-Produktion mit 16 Arrangements von Weihnachtsliedern, Auftragskomposition f\u00fcr ROBA-Musikverlag<\/td><\/tr><tr><td>\u201eSummerbreeze\u201c<\/td><td>Bassfl\u00f6te, 2 Gitarren und Elektronik, Lounge, 16 Titel, u.a. Bearbeitungen von Satie, Ravel und Faur\u00e9, CD-Produktion f\u00fcr SABOR Musikproduktion\/JARO Musikverlag<\/td><\/tr><\/tbody><\/table><\/figure>\n\n\n\n<h2 class=\"wp-block-heading\">Ver\u00f6ffentlichungen<\/h2>\n\n\n\n<figure class=\"wp-block-table\"><table class=\"has-fixed-layout\"><tbody><tr><td>\u201eSalsatraining for Woodwinds\u201c<\/td><td>Lehrbuch mit CD, artist ahead , 2002, ISBN978-3936807134<\/td><\/tr><tr><td>\u201eMeine Querfl\u00f6tenschule\u201c<\/td><td>Lehrbuch mit 2 CDs, artist ahead, 3. Auflage 2020, ISBN 978-3-86642-028-1<\/td><\/tr><tr><td>\u201ePMR nach Jacobsen\u201c<\/td><td>CD, Verlag Entspannung<\/td><\/tr><tr><td>\u201eSimply Christmas\u201c<\/td><td>CD, ROBA-Musikverlag<\/td><\/tr><tr><td>\u201eSummerbreeze\u201c<\/td><td>CD, SABOR Musikproduktion\/JARO Musikverlag<\/td><\/tr><\/tbody><\/table><\/figure>\n\n\n\n<h2 class=\"wp-block-heading\">Filmmusiken<\/h2>\n\n\n\n<figure class=\"wp-block-table\"><table class=\"has-fixed-layout\"><tbody><tr><td>\u201eFlucht\u201c<\/td><td>Tanzfilm von Alasdair Jardin, Helge Letonja und Volker Klein&nbsp;&nbsp;&nbsp;&nbsp;<\/td><\/tr><tr><td>\u201eWolkenernte\u201c<\/td><td>Dokumentarfilm von Beate Neuhaus, ZDF, WDR<\/td><\/tr><tr><td>\u201eZirkus Knie\u201c<\/td><td>Dokumentarfilm von R. Schauwacker<\/td><\/tr><tr><td>\u201eReiten in den USA\u201c<\/td><td>Dokumentarfilm von R. Schauwacker<\/td><\/tr><tr><td>\u201eWeleda\u201c<\/td><td>Dokumentarfilm von Wolfgang Jung, Delfin Filmproduktion<\/td><\/tr><tr><td>\u201eWieder Leben Lernen\u201c<\/td><td>Dokumentarfilm von Beate Neuhaus<\/td><\/tr><tr><td>\u201eAngel\u201c<\/td><td>Experimentalfilm von Nina Song, Seoul\/Korea<\/td><\/tr><tr><td>\u201eME Industries\u201c<\/td><td>Imagefilm von Michael Gr\u00fcn, Weser-Medien<\/td><\/tr><tr><td>\u201e\u00d6kowinzer\u201c<\/td><td>Dokumentarfilm von Wolfgang Jung, Delfin Filmproduktion<\/td><\/tr><tr><td>\u201eEine Reise ins Unerwartete\u201c<\/td><td>Dokumentarfilm von Wolfgang Jung, Delfin Filmproduktion<\/td><\/tr><tr><td>\u201eBORDAs Einsatz f\u00fcr eine sanit\u00e4re Grundversorgung\u201c<\/td><td>Dokumentarfilm von Alasdair Jardin, Jardin-Media<\/td><\/tr><\/tbody><\/table><\/figure>\n","protected":false},"excerpt":{"rendered":"<p>Werke f\u00fcr gro\u00dfes Orchester \u201eAndante\u201c Gro\u00dfes Orchester, Auftragskomposition f\u00fcr die 700-Jahr-Feier der Stadt Dorum \u201elberica\u201c Lehrvideo \u201cReiten im lberischen Stil\u201c von R. Schauwacker f\u00fcr Gro\u00dfes Orchester \u201eSue\u00f1os Comprados \u2013 Gekaufte Tr\u00e4ume\u201c Gro\u00dfes Orchester \u201eTibet\u201c Gro\u00dfes Orchester, Auftragskomposition f\u00fcr ein Rundfunkfeature von Peter Meier-H\u00fcsing, NDR \u201eGebete\u201c Gro\u00dfes Orchester &amp; Stimme, ein Rundfunkfeature von Peter Meier-H\u00fcsing, NDR&#8230;<\/p>\n","protected":false},"author":1,"featured_media":0,"parent":211,"menu_order":0,"comment_status":"closed","ping_status":"closed","template":"","meta":{"_crdt_document":"","footnotes":""},"class_list":["post-214","page","type-page","status-publish","hentry"],"_links":{"self":[{"href":"http:\/\/sabor.de\/index.php?rest_route=\/wp\/v2\/pages\/214","targetHints":{"allow":["GET"]}}],"collection":[{"href":"http:\/\/sabor.de\/index.php?rest_route=\/wp\/v2\/pages"}],"about":[{"href":"http:\/\/sabor.de\/index.php?rest_route=\/wp\/v2\/types\/page"}],"author":[{"embeddable":true,"href":"http:\/\/sabor.de\/index.php?rest_route=\/wp\/v2\/users\/1"}],"replies":[{"embeddable":true,"href":"http:\/\/sabor.de\/index.php?rest_route=%2Fwp%2Fv2%2Fcomments&post=214"}],"version-history":[{"count":16,"href":"http:\/\/sabor.de\/index.php?rest_route=\/wp\/v2\/pages\/214\/revisions"}],"predecessor-version":[{"id":268,"href":"http:\/\/sabor.de\/index.php?rest_route=\/wp\/v2\/pages\/214\/revisions\/268"}],"up":[{"embeddable":true,"href":"http:\/\/sabor.de\/index.php?rest_route=\/wp\/v2\/pages\/211"}],"wp:attachment":[{"href":"http:\/\/sabor.de\/index.php?rest_route=%2Fwp%2Fv2%2Fmedia&parent=214"}],"curies":[{"name":"wp","href":"https:\/\/api.w.org\/{rel}","templated":true}]}}