{"id":93,"date":"2025-08-14T15:23:52","date_gmt":"2025-08-14T15:23:52","guid":{"rendered":"http:\/\/sabor.de\/?page_id=93"},"modified":"2025-11-02T14:31:02","modified_gmt":"2025-11-02T14:31:02","slug":"sabor-musikproduktion","status":"publish","type":"page","link":"http:\/\/sabor.de\/","title":{"rendered":"SABOR Musikproduktion"},"content":{"rendered":"\n<p class=\"wp-block-paragraph\" style=\"font-style:normal;font-weight:100\">\u201eDie Sprache ist das Gemeinsame, das keiner gemacht hat, weil alle es fortw\u00e4hrend machen, die gro\u00dfe, summende und schwingende Konvention, in die jeder hineinspricht was er auf dem Herzen hat. Und da kommt es vor, dass einer, der innerlich anders ist, als seine Nachbarn, sich verliert indem er sich ausspricht, wie der Regen im Meer verloren geht. Alles Eigene erfordert also, wenn es nicht schweigen will, eine eigene Sprache.\u201c<\/p>\n\n\n\n<p class=\"wp-block-paragraph\" style=\"font-style:normal;font-weight:100\">schreibt Rilke in seinem B\u00fcchlein \u201eWorpswede\u201c \u00fcber die Kunst. Auf diesen Seiten k\u00f6nnen Sie viel \u00fcber meine musikalische Sprache erfahren.<\/p>\n\n\n\n<p class=\"wp-block-paragraph\" style=\"font-style:normal;font-weight:100\">Ich w\u00fcnsche dabei viel Spa\u00df!<\/p>\n\n\n\n<p class=\"wp-block-paragraph\"><\/p>\n","protected":false},"excerpt":{"rendered":"<p>\u201eDie Sprache ist das Gemeinsame, das keiner gemacht hat, weil alle es fortw\u00e4hrend machen, die gro\u00dfe, summende und schwingende Konvention, in die jeder hineinspricht was er auf dem Herzen hat. Und da kommt es vor, dass einer, der innerlich anders ist, als seine Nachbarn, sich verliert indem er sich ausspricht, wie der Regen im Meer&#8230;<\/p>\n","protected":false},"author":1,"featured_media":0,"parent":0,"menu_order":1,"comment_status":"closed","ping_status":"closed","template":"fullwidth.php","meta":{"_crdt_document":"","footnotes":""},"class_list":["post-93","page","type-page","status-publish","hentry"],"_links":{"self":[{"href":"http:\/\/sabor.de\/index.php?rest_route=\/wp\/v2\/pages\/93","targetHints":{"allow":["GET"]}}],"collection":[{"href":"http:\/\/sabor.de\/index.php?rest_route=\/wp\/v2\/pages"}],"about":[{"href":"http:\/\/sabor.de\/index.php?rest_route=\/wp\/v2\/types\/page"}],"author":[{"embeddable":true,"href":"http:\/\/sabor.de\/index.php?rest_route=\/wp\/v2\/users\/1"}],"replies":[{"embeddable":true,"href":"http:\/\/sabor.de\/index.php?rest_route=%2Fwp%2Fv2%2Fcomments&post=93"}],"version-history":[{"count":7,"href":"http:\/\/sabor.de\/index.php?rest_route=\/wp\/v2\/pages\/93\/revisions"}],"predecessor-version":[{"id":276,"href":"http:\/\/sabor.de\/index.php?rest_route=\/wp\/v2\/pages\/93\/revisions\/276"}],"wp:attachment":[{"href":"http:\/\/sabor.de\/index.php?rest_route=%2Fwp%2Fv2%2Fmedia&parent=93"}],"curies":[{"name":"wp","href":"https:\/\/api.w.org\/{rel}","templated":true}]}}