{"id":98,"date":"2025-08-14T15:31:57","date_gmt":"2025-08-14T15:31:57","guid":{"rendered":"http:\/\/sabor.de\/?page_id=98"},"modified":"2025-11-02T14:20:36","modified_gmt":"2025-11-02T14:20:36","slug":"filmmusik","status":"publish","type":"page","link":"http:\/\/sabor.de\/?page_id=98","title":{"rendered":"Filmmusik"},"content":{"rendered":"\n<p class=\"wp-block-paragraph\">\u201cWas kostet Ihre Musik pro Minute?\u201d<\/p>\n\n\n\n<p class=\"wp-block-paragraph\">Diese Frage wird in der letzten Zeit \u00f6fter an mich gestellt. Doch dort, wo es auf Kreativit\u00e4t ankommt l\u00e4sst sie sich nicht beantworten. Der Einsatz von Library- Musik und KI ist mittlerweile selbstverst\u00e4ndlich. Viel zu oft sind deren M\u00f6glichkeiten aber sehr begrenzt. Eine Andenmusik, die auch spannend ist? Ein dreistimmiger Kontrapunkt im Renaissance-Stil? Eine elektronische Soundcollage, die ein Wechselspiel mit dem Sounddesign eingeht? Und dies Alles auch noch in einer Komposition, die genau auf den Schnitt angestimmt ist? Wenn es darauf ankommt helfe ich gerne weiter. Ich biete Ihnen eine gro\u00dfe stilistische Vielfalt, eine schnelle hochwertige Produktion im eigenen Tonstudio und eine unkomplizierte Abwicklung. Eine gro\u00dfe Auswahl von Beispielen meiner Arbeit als Video und Audio finden Sie auf der Seite \u201cMedien\u201d.<\/p>\n","protected":false},"excerpt":{"rendered":"<p>\u201cWas kostet Ihre Musik pro Minute?\u201d Diese Frage wird in der letzten Zeit \u00f6fter an mich gestellt. Doch dort, wo es auf Kreativit\u00e4t ankommt l\u00e4sst sie sich nicht beantworten. Der Einsatz von Library- Musik und KI ist mittlerweile selbstverst\u00e4ndlich. Viel zu oft sind deren M\u00f6glichkeiten aber sehr begrenzt. Eine Andenmusik, die auch spannend ist? Ein&#8230;<\/p>\n","protected":false},"author":1,"featured_media":0,"parent":0,"menu_order":2,"comment_status":"closed","ping_status":"closed","template":"","meta":{"_crdt_document":"","footnotes":""},"class_list":["post-98","page","type-page","status-publish","hentry"],"_links":{"self":[{"href":"http:\/\/sabor.de\/index.php?rest_route=\/wp\/v2\/pages\/98","targetHints":{"allow":["GET"]}}],"collection":[{"href":"http:\/\/sabor.de\/index.php?rest_route=\/wp\/v2\/pages"}],"about":[{"href":"http:\/\/sabor.de\/index.php?rest_route=\/wp\/v2\/types\/page"}],"author":[{"embeddable":true,"href":"http:\/\/sabor.de\/index.php?rest_route=\/wp\/v2\/users\/1"}],"replies":[{"embeddable":true,"href":"http:\/\/sabor.de\/index.php?rest_route=%2Fwp%2Fv2%2Fcomments&post=98"}],"version-history":[{"count":2,"href":"http:\/\/sabor.de\/index.php?rest_route=\/wp\/v2\/pages\/98\/revisions"}],"predecessor-version":[{"id":121,"href":"http:\/\/sabor.de\/index.php?rest_route=\/wp\/v2\/pages\/98\/revisions\/121"}],"wp:attachment":[{"href":"http:\/\/sabor.de\/index.php?rest_route=%2Fwp%2Fv2%2Fmedia&parent=98"}],"curies":[{"name":"wp","href":"https:\/\/api.w.org\/{rel}","templated":true}]}}